{"id":34,"date":"2016-02-08T17:02:37","date_gmt":"2016-02-08T16:02:37","guid":{"rendered":"http:\/\/lescoupeursdebourses.fr?page_id=34"},"modified":"2025-01-09T15:19:37","modified_gmt":"2025-01-09T14:19:37","slug":"accueil","status":"publish","type":"page","link":"https:\/\/lescoupeursdebourses.fr\/","title":{"rendered":"Accueil"},"content":{"rendered":"\n<p><em>4 bandits de grands chemins devenus musiciens racontent leurs histoires&#8230; <\/em><br><br><strong>Cachez vos \u00e9cus, voici Les Coupeurs de Bourses<br>Cachez vos \u00e9cus, Nobles et bourgeois, ils d\u00e9troussent !<\/strong><\/p>\n\n\n\n<section id=\"builder-section-banner_51\" class=\"builder-section-prev-banner builder-section builder-section-banner builder-section-last\" style=\"background-size: cover; background-repeat: no-repeat; background-position: center center;\">\n<div class=\"builder-section-content\">\n<div class=\"builder-banner-slide content-position-none\">\n<div class=\"builder-banner-content\">\n<div class=\"builder-banner-inner-content\">\n<p><\/p><\/div><\/div><\/div><\/div><\/section>\n\n\n<p><iframe loading=\"lazy\" title=\"Les Coupeurs de Bourses - Teaser 2024\" width=\"525\" height=\"295\" src=\"https:\/\/www.youtube.com\/embed\/MeENs6fB1LQ?feature=oembed\" frameborder=\"0\" allow=\"accelerometer; autoplay; clipboard-write; encrypted-media; gyroscope; picture-in-picture; web-share\" referrerpolicy=\"strict-origin-when-cross-origin\" allowfullscreen><\/iframe><\/p>\n\n\n<p><iframe loading=\"lazy\" title=\"Teaser 2019 - Les Coupeurs de Bourses\" width=\"525\" height=\"295\" src=\"https:\/\/www.youtube.com\/embed\/zk-21tLX4LQ?feature=oembed\" frameborder=\"0\" allow=\"accelerometer; autoplay; clipboard-write; encrypted-media; gyroscope; picture-in-picture; web-share\" referrerpolicy=\"strict-origin-when-cross-origin\" allowfullscreen><\/iframe><\/p>\n\n\n\n<div class=\"wp-block-columns is-layout-flex wp-container-core-columns-is-layout-9d6595d7 wp-block-columns-is-layout-flex\">\n<div class=\"wp-block-column is-layout-flow wp-block-column-is-layout-flow\">\n<h2 class=\"wp-block-heading has-text-align-center\">Tarif Libre pour t\u00e9l\u00e9charger la musique de la troupe<br><em>(cliquez sur le coffre)<\/em><\/h2>\n\n\n\n<figure class=\"wp-block-image size-large\"><a href=\"https:\/\/lescoupeursdebourses.fr\/index.php\/produit\/le-butin-des-coupeurs-de-bourses\/\"><img loading=\"lazy\" decoding=\"async\" width=\"1024\" height=\"576\" src=\"https:\/\/lescoupeursdebourses.fr\/wp-content\/uploads\/2024\/06\/tresurechest5-1024x576.jpg\" alt=\"\" class=\"wp-image-851\" srcset=\"https:\/\/lescoupeursdebourses.fr\/wp-content\/uploads\/2024\/06\/tresurechest5-1024x576.jpg 1024w, https:\/\/lescoupeursdebourses.fr\/wp-content\/uploads\/2024\/06\/tresurechest5-350x197.jpg 350w, https:\/\/lescoupeursdebourses.fr\/wp-content\/uploads\/2024\/06\/tresurechest5-300x169.jpg 300w, https:\/\/lescoupeursdebourses.fr\/wp-content\/uploads\/2024\/06\/tresurechest5-768x432.jpg 768w, https:\/\/lescoupeursdebourses.fr\/wp-content\/uploads\/2024\/06\/tresurechest5-1536x864.jpg 1536w, https:\/\/lescoupeursdebourses.fr\/wp-content\/uploads\/2024\/06\/tresurechest5.jpg 1920w\" sizes=\"auto, (max-width: 767px) 89vw, (max-width: 1000px) 54vw, (max-width: 1071px) 543px, 580px\" \/><\/a><\/figure>\n<\/div>\n<\/div>\n\n\n\n<div class=\"wp-block-columns is-layout-flex wp-container-core-columns-is-layout-9d6595d7 wp-block-columns-is-layout-flex\">\n<div class=\"wp-block-column is-layout-flow wp-block-column-is-layout-flow\">\n<blockquote class=\"wp-block-quote is-layout-flow wp-block-quote-is-layout-flow\" style=\"border-width:25px\">\n<p>Cr\u00e9dit Photos<\/p>\n<cite>LANGE VERT<br><img loading=\"lazy\" decoding=\"async\" width=\"600\" height=\"56\" class=\"wp-image-72\" style=\"width: 600px;\" src=\"https:\/\/lescoupeursdebourses.fr\/wp-content\/uploads\/2016\/02\/Web-Header-01.jpg\" alt=\"\" srcset=\"https:\/\/lescoupeursdebourses.fr\/wp-content\/uploads\/2016\/02\/Web-Header-01.jpg 1659w, https:\/\/lescoupeursdebourses.fr\/wp-content\/uploads\/2016\/02\/Web-Header-01-350x32.jpg 350w, https:\/\/lescoupeursdebourses.fr\/wp-content\/uploads\/2016\/02\/Web-Header-01-300x28.jpg 300w, https:\/\/lescoupeursdebourses.fr\/wp-content\/uploads\/2016\/02\/Web-Header-01-768x71.jpg 768w, https:\/\/lescoupeursdebourses.fr\/wp-content\/uploads\/2016\/02\/Web-Header-01-1024x95.jpg 1024w\" sizes=\"auto, (max-width: 600px) 100vw, 600px\" \/><\/cite><\/blockquote>\n<\/div>\n<\/div>\n","protected":false},"excerpt":{"rendered":"<p>4 bandits de grands chemins devenus musiciens racontent leurs histoires&#8230; Cachez vos \u00e9cus, voici Les Coupeurs de BoursesCachez vos \u00e9cus, Nobles et bourgeois, ils d\u00e9troussent ! Tarif Libre pour t\u00e9l\u00e9charger la musique de la troupe(cliquez sur le coffre) Cr\u00e9dit Photos<\/p>\n","protected":false},"author":1,"featured_media":0,"parent":0,"menu_order":0,"comment_status":"closed","ping_status":"closed","template":"","meta":{"footnotes":""},"class_list":["post-34","page","type-page","status-publish","hentry"],"_links":{"self":[{"href":"https:\/\/lescoupeursdebourses.fr\/index.php\/wp-json\/wp\/v2\/pages\/34","targetHints":{"allow":["GET"]}}],"collection":[{"href":"https:\/\/lescoupeursdebourses.fr\/index.php\/wp-json\/wp\/v2\/pages"}],"about":[{"href":"https:\/\/lescoupeursdebourses.fr\/index.php\/wp-json\/wp\/v2\/types\/page"}],"author":[{"embeddable":true,"href":"https:\/\/lescoupeursdebourses.fr\/index.php\/wp-json\/wp\/v2\/users\/1"}],"replies":[{"embeddable":true,"href":"https:\/\/lescoupeursdebourses.fr\/index.php\/wp-json\/wp\/v2\/comments?post=34"}],"version-history":[{"count":50,"href":"https:\/\/lescoupeursdebourses.fr\/index.php\/wp-json\/wp\/v2\/pages\/34\/revisions"}],"predecessor-version":[{"id":947,"href":"https:\/\/lescoupeursdebourses.fr\/index.php\/wp-json\/wp\/v2\/pages\/34\/revisions\/947"}],"wp:attachment":[{"href":"https:\/\/lescoupeursdebourses.fr\/index.php\/wp-json\/wp\/v2\/media?parent=34"}],"curies":[{"name":"wp","href":"https:\/\/api.w.org\/{rel}","templated":true}]}}