{"id":403,"date":"2018-08-20T11:24:24","date_gmt":"2018-08-20T09:24:24","guid":{"rendered":"http:\/\/lescoupeursdebourses.frindex.php\/products-page\/transaction-results\/"},"modified":"2024-06-19T17:04:46","modified_gmt":"2024-06-19T15:04:46","slug":"transaction-results","status":"publish","type":"page","link":"https:\/\/lescoupeursdebourses.fr\/index.php\/products-page\/transaction-results\/","title":{"rendered":"Transaction Results"},"content":{"rendered":"<p>[transactionresults]<\/p>\n\n\n<figure class=\"wp-block-image size-full\"><img loading=\"lazy\" decoding=\"async\" width=\"1000\" height=\"812\" src=\"https:\/\/lescoupeursdebourses.fr\/wp-content\/uploads\/2024\/06\/Coffre-Ouvert.jpg\" alt=\"\" class=\"wp-image-847\" srcset=\"https:\/\/lescoupeursdebourses.fr\/wp-content\/uploads\/2024\/06\/Coffre-Ouvert.jpg 1000w, https:\/\/lescoupeursdebourses.fr\/wp-content\/uploads\/2024\/06\/Coffre-Ouvert-350x284.jpg 350w, https:\/\/lescoupeursdebourses.fr\/wp-content\/uploads\/2024\/06\/Coffre-Ouvert-300x244.jpg 300w, https:\/\/lescoupeursdebourses.fr\/wp-content\/uploads\/2024\/06\/Coffre-Ouvert-768x624.jpg 768w\" sizes=\"auto, (max-width: 767px) 89vw, (max-width: 1000px) 54vw, (max-width: 1071px) 543px, 580px\" \/><\/figure>\n\n\n\n<p class=\"has-medium-font-size\">Merci pour votre achat, vous pouvez cliquer sur ce lien pour \u00e9couter et t\u00e9l\u00e9charger les chansons de la troupe :<\/p>\n\n\n\n<p class=\"has-medium-font-size\"><a href=\"http:\/\/e.pc.cd\/OBdotalK\">http:\/\/e.pc.cd\/OBdotalK<\/a><\/p>\n\n\n\n<p><\/p>\n","protected":false},"excerpt":{"rendered":"<p>[transactionresults] Merci pour votre achat, vous pouvez cliquer sur ce lien pour \u00e9couter et t\u00e9l\u00e9charger les chansons de la troupe : http:\/\/e.pc.cd\/OBdotalK<\/p>\n","protected":false},"author":1,"featured_media":0,"parent":400,"menu_order":0,"comment_status":"closed","ping_status":"closed","template":"","meta":{"footnotes":""},"class_list":["post-403","page","type-page","status-publish","hentry"],"_links":{"self":[{"href":"https:\/\/lescoupeursdebourses.fr\/index.php\/wp-json\/wp\/v2\/pages\/403","targetHints":{"allow":["GET"]}}],"collection":[{"href":"https:\/\/lescoupeursdebourses.fr\/index.php\/wp-json\/wp\/v2\/pages"}],"about":[{"href":"https:\/\/lescoupeursdebourses.fr\/index.php\/wp-json\/wp\/v2\/types\/page"}],"author":[{"embeddable":true,"href":"https:\/\/lescoupeursdebourses.fr\/index.php\/wp-json\/wp\/v2\/users\/1"}],"replies":[{"embeddable":true,"href":"https:\/\/lescoupeursdebourses.fr\/index.php\/wp-json\/wp\/v2\/comments?post=403"}],"version-history":[{"count":1,"href":"https:\/\/lescoupeursdebourses.fr\/index.php\/wp-json\/wp\/v2\/pages\/403\/revisions"}],"predecessor-version":[{"id":848,"href":"https:\/\/lescoupeursdebourses.fr\/index.php\/wp-json\/wp\/v2\/pages\/403\/revisions\/848"}],"up":[{"embeddable":true,"href":"https:\/\/lescoupeursdebourses.fr\/index.php\/wp-json\/wp\/v2\/pages\/400"}],"wp:attachment":[{"href":"https:\/\/lescoupeursdebourses.fr\/index.php\/wp-json\/wp\/v2\/media?parent=403"}],"curies":[{"name":"wp","href":"https:\/\/api.w.org\/{rel}","templated":true}]}}