{"id":433,"date":"2018-08-20T13:12:57","date_gmt":"2018-08-20T11:12:57","guid":{"rendered":"http:\/\/lescoupeursdebourses.fr?page_id=433"},"modified":"2023-07-24T09:18:45","modified_gmt":"2023-07-24T07:18:45","slug":"redirect","status":"publish","type":"page","link":"https:\/\/lescoupeursdebourses.fr\/index.php\/redirect\/","title":{"rendered":"redirect"},"content":{"rendered":"<section id=\"builder-section-1534763180391\" class=\"builder-section-first builder-section builder-section-text builder-section-last builder-section-full-width builder-text-columns-1\" style=\"background-repeat: repeat; background-position: center center;\">\n<div class=\"builder-section-content\">\n<div class=\"builder-text-row\">\n<div id=\"builder-section-1534763180391-column-1\" class=\"builder-text-column builder-text-column-1\">\n<div class=\"builder-text-content\">\n<p>Merci pour votre participation, cliquez sur le lien de la page de t\u00e9l\u00e9chargements, ci dessous, en saisissant le mot de passe : cdb2023<\/p>\n<p><a href=\"https:\/\/lescoupeursdebourses.fr\/index.php\/telechargements\/\">Page des t\u00e9l\u00e9chargements<\/a><\/p>\n<\/div>\n<\/div>\n<\/div>\n<\/div>\n<\/section>\n","protected":false},"excerpt":{"rendered":"<p>Merci pour votre participation, cliquez sur le lien de la page de t\u00e9l\u00e9chargements, ci dessous, en saisissant le mot de passe : cdb2023 Page des t\u00e9l\u00e9chargements<\/p>\n","protected":false},"author":1,"featured_media":0,"parent":0,"menu_order":0,"comment_status":"closed","ping_status":"closed","template":"","meta":{"footnotes":""},"class_list":["post-433","page","type-page","status-publish","hentry"],"_links":{"self":[{"href":"https:\/\/lescoupeursdebourses.fr\/index.php\/wp-json\/wp\/v2\/pages\/433","targetHints":{"allow":["GET"]}}],"collection":[{"href":"https:\/\/lescoupeursdebourses.fr\/index.php\/wp-json\/wp\/v2\/pages"}],"about":[{"href":"https:\/\/lescoupeursdebourses.fr\/index.php\/wp-json\/wp\/v2\/types\/page"}],"author":[{"embeddable":true,"href":"https:\/\/lescoupeursdebourses.fr\/index.php\/wp-json\/wp\/v2\/users\/1"}],"replies":[{"embeddable":true,"href":"https:\/\/lescoupeursdebourses.fr\/index.php\/wp-json\/wp\/v2\/comments?post=433"}],"version-history":[{"count":6,"href":"https:\/\/lescoupeursdebourses.fr\/index.php\/wp-json\/wp\/v2\/pages\/433\/revisions"}],"predecessor-version":[{"id":741,"href":"https:\/\/lescoupeursdebourses.fr\/index.php\/wp-json\/wp\/v2\/pages\/433\/revisions\/741"}],"wp:attachment":[{"href":"https:\/\/lescoupeursdebourses.fr\/index.php\/wp-json\/wp\/v2\/media?parent=433"}],"curies":[{"name":"wp","href":"https:\/\/api.w.org\/{rel}","templated":true}]}}