{"id":44,"date":"2016-02-08T17:07:30","date_gmt":"2016-02-08T16:07:30","guid":{"rendered":"http:\/\/lescoupeursdebourses.fr?page_id=44"},"modified":"2025-12-13T22:24:45","modified_gmt":"2025-12-13T21:24:45","slug":"agenda","status":"publish","type":"page","link":"https:\/\/lescoupeursdebourses.fr\/index.php\/agenda\/","title":{"rendered":"Agenda"},"content":{"rendered":"\n<iframe loading=\"lazy\" width=\"100%\" height=\"480\" src=\"https:\/\/docs.google.com\/spreadsheets\/d\/e\/2PACX-1vSMXmT-csRWr-EiIvYEctbaomyxpkBqBf-UKJ3i-j_O1y6sDL7TUvbxoSgQDqkJPzY1OESTrG9U1m2y\/pubhtml?gid=261383269&amp;single=true&amp;widget=true&amp;headers=false\"><\/iframe>\n\n\n\n<hr class=\"wp-block-separator has-alpha-channel-opacity\"\/>\n\n\n\n<p class=\"has-text-align-center\"><strong>Les anciennes dates :<\/strong><\/p>\n\n\n\n<p class=\"has-black-color has-pale-ocean-gradient-background has-text-color has-background has-link-color has-medium-font-size wp-elements-f47572c90adb8608068479703b34eba1\"><strong>2025<\/strong><\/p>\n\n\n\n<p class=\"has-small-font-size\">28 juin : F\u00eate M\u00e9di\u00e9vale, Rodemack (57)<\/p>\n\n\n\n<p class=\"has-small-font-size\">29 juin : F\u00eate M\u00e9di\u00e9vale, Rodemack (57)<\/p>\n\n\n\n<p class=\"has-small-font-size\">11 juillet : Visite musicale du Ch\u00e2teau de M\u00e2lain (21)<\/p>\n\n\n\n<p class=\"has-small-font-size\">02 ao\u00fbt : F\u00eate M\u00e9di\u00e9vale, Ervy-le-Ch\u00e2tel (10)<\/p>\n\n\n\n<p class=\"has-small-font-size\">03 ao\u00fbt : F\u00eate M\u00e9di\u00e9vale, Ervy-le-Ch\u00e2tel (10)<\/p>\n\n\n\n<p class=\"has-small-font-size\">12 ao\u00fbt : Festyland, Bretteville-sur-Odon (14)<\/p>\n\n\n\n<p class=\"has-small-font-size\">13 ao\u00fbt : Festyland, Bretteville-sur-Odon (14)<\/p>\n\n\n\n<p class=\"has-small-font-size\">14 ao\u00fbt : Vikings et Vicomtes, Saint-Sauveur-le-Vicomte (50)<\/p>\n\n\n\n<p class=\"has-small-font-size\">15 ao\u00fbt : Vikings et Vicomtes, Saint-Sauveur-le-Vicomte (50)<\/p>\n\n\n\n<p class=\"has-small-font-size\">23 ao\u00fbt : Ch\u00e2teau de Franchimont, Theux (Belgique)<\/p>\n\n\n\n<p class=\"has-small-font-size\">24 ao\u00fbt : Ch\u00e2teau de Franchimont, Theux (Belgique)<\/p>\n\n\n\n<p class=\"has-small-font-size\">30 ao\u00fbt : F\u00eates historiques de Vienne (38)<\/p>\n\n\n\n<p class=\"has-small-font-size\">31 ao\u00fbt : F\u00eates historiques de Vienne (38)<\/p>\n\n\n\n<p class=\"has-small-font-size\">04 octobre : Le samedi des m\u00e9tiers d&rsquo;Arts &#8211; Nevers (58)<\/p>\n\n\n\n<hr class=\"wp-block-separator has-alpha-channel-opacity\"\/>\n\n\n\n<p class=\"has-black-color has-pale-ocean-gradient-background has-text-color has-background has-link-color has-medium-font-size wp-elements-2a12773368bfc0a0ae5f0059c81217b6\"><strong>2024<\/strong><\/p>\n\n\n\n<p class=\"has-small-font-size\">4 mai : F\u00eate m\u00e9di\u00e9vale de Semur-en-Auxois (21)<\/p>\n\n\n\n<p class=\"has-small-font-size\">5 mai : F\u00eate m\u00e9di\u00e9vale de Semur-en-Auxois (21)<\/p>\n\n\n\n<p class=\"has-small-font-size\">19 mai : V\u00e9ronnes (21) &#8211; Arts et Sc\u00e8nes du CD21<\/p>\n\n\n\n<p class=\"has-small-font-size\">25 mai : Alise Sainte Reine (21) &#8211; Arts et Sc\u00e8nes du CD21<\/p>\n\n\n\n<p class=\"has-small-font-size\">1er juin : F\u00eate m\u00e9di\u00e9vales de Provins (77)<\/p>\n\n\n\n<p class=\"has-small-font-size\">2 juin : F\u00eate m\u00e9di\u00e9vales de Provins (77)<\/p>\n\n\n\n<p class=\"has-small-font-size\">14 juin : L&rsquo;Etang-Vergy (21) &#8211; Arts et Sc\u00e8nes du CD21<\/p>\n\n\n\n<p class=\"has-small-font-size\">15 juin : F\u00eate \u00e0 Genlis (21)<\/p>\n\n\n\n<p class=\"has-small-font-size\">15 juin : Etalante (21) &#8211; Arts et Sc\u00e8nes du CD21<\/p>\n\n\n\n<p class=\"has-small-font-size\">22 juin : Collonges et Premi\u00e8res (21) &#8211; Arts et Sc\u00e8nes du CD21<\/p>\n\n\n\n<p class=\"has-small-font-size\">29 et 30 juin : F\u00eate m\u00e9di\u00e9vale de Cusset (03)<\/p>\n\n\n\n<p class=\"has-small-font-size\">6 juillet : Magny les Villers (21) &#8211; Arts et Sc\u00e8nes du CD21<\/p>\n\n\n\n<p class=\"has-small-font-size\">14 juillet : F\u00eate m\u00e9di\u00e9vale de Josselin (56)<\/p>\n\n\n\n<p class=\"has-small-font-size\">20juillet : F\u00eate m\u00e9di\u00e9vale de Ch\u00e2teau-Thierry (54)<\/p>\n\n\n\n<p class=\"has-small-font-size\">21 juillet : F\u00eate m\u00e9di\u00e9vale de Ch\u00e2teau-Thierry (54)<\/p>\n\n\n\n<p class=\"has-small-font-size\">26 juillet : Larrey (21) &#8211; Dans le cadre Arts et Sc\u00e8nes du CD21<\/p>\n\n\n\n<p class=\"has-small-font-size\">27 juillet : Visite musicale du Ch\u00e2teau de M\u00e2lain (21)<\/p>\n\n\n\n<p class=\"has-small-font-size\">28 juillet : F\u00eate des remparts de Nozeroy (39)<\/p>\n\n\n\n<p class=\"has-small-font-size\">3 ao\u00fbt : Foire de Souvigny (03)<\/p>\n\n\n\n<p class=\"has-small-font-size\">4 ao\u00fbt : Foire de Souvigny (03)<\/p>\n\n\n\n<p class=\"has-small-font-size\">5 ao\u00fbt : Foire de Souvigny (03)<br><br>17 ao\u00fbt : F\u00eate m\u00e9di\u00e9vale du Ch\u00e2teau de Sierk (57)<\/p>\n\n\n\n<p class=\"has-small-font-size\">18 ao\u00fbt : F\u00eate m\u00e9di\u00e9vale du Ch\u00e2teau de Sierk (57)<\/p>\n\n\n\n<p class=\"has-small-font-size\">21 septembre : Tr\u00e9voux (01) &#8211; (journ\u00e9e du Patrimoine)<\/p>\n\n\n\n<p class=\"has-small-font-size\">22 septembre : Amb\u00e9rieux-en-Domble (01) &#8211; (journ\u00e9e du Patrimoine)<\/p>\n\n\n\n<hr class=\"wp-block-separator has-alpha-channel-opacity\"\/>\n\n\n\n<p class=\"has-black-color has-pale-ocean-gradient-background has-text-color has-background has-link-color has-medium-font-size wp-elements-1895691e903736dfa31174aa0a3b1f45\"><strong>2023<\/strong><\/p>\n\n\n\n<p class=\"has-small-font-size\">3 juin : Foire des Sorci\u00e8res, M\u00e2lain (21)<\/p>\n\n\n\n<p class=\"has-small-font-size\">4 juin : Foire des Sorci\u00e8res, M\u00e2lain (21)<\/p>\n\n\n\n<p class=\"has-small-font-size\">30 juin : F\u00eate M\u00e9di\u00e9vale, Bayeux (14)<\/p>\n\n\n\n<p class=\"has-small-font-size\">1er juillet : F\u00eate M\u00e9di\u00e9vale, Bayeux (14)<\/p>\n\n\n\n<p class=\"has-small-font-size\">2 juillet : F\u00eate M\u00e9di\u00e9vale, Bayeux (14)<\/p>\n\n\n\n<p class=\"has-small-font-size\">Vendredi 14 juillet : F\u00eate m\u00e9di\u00e9vale, Montmorillon (86)<\/p>\n\n\n\n<p class=\"has-small-font-size\">Samedi 15 juillet : Visite musicale au Ch\u00e2teau, M\u00e2lain (21)<\/p>\n\n\n\n<p class=\"has-small-font-size\">21 juillet : F\u00eate des Remparts, Dinan (35)<\/p>\n\n\n\n<p class=\"has-small-font-size\">22 juillet : F\u00eate des Remparts, Dinan (35)<\/p>\n\n\n\n<p class=\"has-small-font-size\">23 juillet : F\u00eate des Remparts, Dinan (35)<\/p>\n\n\n\n<p class=\"has-small-font-size\">2 ao\u00fbt : Concert (20h30) au Ch\u00e2teau de Billy (03)<\/p>\n\n\n\n<p class=\"has-small-font-size\">6 ao\u00fbt : F\u00eate Renaissance, Ch\u00e2tillon-sur-Sa\u00f4ne (88)<\/p>\n\n\n\n<p class=\"has-small-font-size\">2 septembre : F\u00eate M\u00e9di\u00e9vale, Laon (02)<\/p>\n\n\n\n<p class=\"has-small-font-size\">3 septembre : F\u00eate M\u00e9di\u00e9vale, Laon (02)<\/p>\n\n\n\n<p class=\"has-small-font-size\">16 septembre : F\u00eate M\u00e9di\u00e9vale, Montlh\u00e9ry (91)<\/p>\n\n\n\n<p class=\"has-small-font-size\">17 septembre : F\u00eate M\u00e9di\u00e9vale, Montlh\u00e9ry (91)<\/p>\n\n\n\n<p class=\"has-small-font-size\">23 septembre : F\u00eate \u00e0 Talant (21)<\/p>\n\n\n\n<p class=\"has-small-font-size\">24 septembre : Grancey-le-Chateau (21) &#8211; Arts et Sc\u00e8nes du CD21<\/p>\n\n\n\n<p class=\"has-small-font-size\">17 novembre : Salon Fous d&rsquo;Histoire, Compi\u00e8gne (60)<\/p>\n\n\n\n<p class=\"has-small-font-size\">18 novembre : Salon Fous d&rsquo;Histoire, Compi\u00e8gne (60)<\/p>\n\n\n\n<p class=\"has-small-font-size\">19 novembre : Salon Fous d&rsquo;Histoire, Compi\u00e8gne (60)<\/p>\n\n\n\n<hr class=\"wp-block-separator has-alpha-channel-opacity\"\/>\n\n\n\n<p class=\"has-black-color has-pale-ocean-gradient-background has-text-color has-background has-link-color has-medium-font-size wp-elements-827a28bd1cfe13d58b6fa8d7826cb372\"><strong>2022<\/strong><\/p>\n\n\n\n<p class=\"has-small-font-size\">4 juin : F\u00eate m\u00e9di\u00e9vale de Liverdun (54)<\/p>\n\n\n\n<p class=\"has-small-font-size\">5 juin : F\u00eate m\u00e9di\u00e9vale de Liverdun (54)<\/p>\n\n\n\n<p class=\"has-small-font-size\">16 juillet : De cape et d\u2019\u00e9p\u00e9e, Richelieu (37)<\/p>\n\n\n\n<p class=\"has-small-font-size\">17 juillet : De cape et d\u2019\u00e9p\u00e9e, Richelieu (37)<\/p>\n\n\n\n<p class=\"has-small-font-size\">30 juillet : F\u00eate m\u00e9di\u00e9vale de Souvigny (03)<\/p>\n\n\n\n<p class=\"has-small-font-size\">31 juillet : F\u00eate m\u00e9di\u00e9vale de Souvigny (03)<\/p>\n\n\n\n<p class=\"has-small-font-size\">6 ao\u00fbt : F\u00eate m\u00e9di\u00e9vale de Saint Antoine l\u2019Abbaye (38)<\/p>\n\n\n\n<p class=\"has-small-font-size\">7 ao\u00fbt : F\u00eate m\u00e9di\u00e9vale de Saint Antoine l\u2019Abbaye (38)<\/p>\n\n\n\n<p class=\"has-small-font-size\">27 ao\u00fbt : Grande Foire Les Seigneuriales de Coucy (02)<\/p>\n\n\n\n<p class=\"has-small-font-size\">28 ao\u00fbt : Grande Foire Les Seigneuriales de Coucy (02)<\/p>\n\n\n\n<p class=\"has-small-font-size\">10 septembre : F\u00eate m\u00e9di\u00e9vale d\u2019H\u00e9ricourt (70)<\/p>\n\n\n\n<p class=\"has-small-font-size\">11 septembre : F\u00eate m\u00e9di\u00e9vale d\u2019H\u00e9ricourt (70)<\/p>\n\n\n\n<p class=\"has-small-font-size\">17septembre : F\u00eate m\u00e9di\u00e9vale de Rixheim (68)<\/p>\n\n\n\n<p class=\"has-small-font-size\">18 septembre : F\u00eate m\u00e9di\u00e9vale de Rixheim (68)<\/p>\n\n\n\n<p class=\"has-small-font-size\">1 octobre : F\u00eate m\u00e9di\u00e9vale de Brie Comte Robert (77)<\/p>\n\n\n\n<p class=\"has-small-font-size\">2 octobre : F\u00eate m\u00e9di\u00e9vale de Brie Comte Robert (77)<\/p>\n\n\n\n<p class=\"has-black-color has-pale-ocean-gradient-background has-text-color has-background has-link-color has-medium-font-size wp-elements-015407b46ca61bbc121be51374adeae9\"><strong>2021<\/strong><\/p>\n\n\n<p><\/p>\n<p class=\"has-small-font-size\"><em>22 et 23 mai : F\u00eate m\u00e9di\u00e9vale de Liverdun (54) &#8211; Annul\u00e9e (report 2022)<\/em><\/p>\n<p class=\"has-small-font-size\"><em>26 et 27 juin : F\u00eate m\u00e9di\u00e9vale de Rodemack (67) &#8211; Annul\u00e9e (report 2022)<\/em><br \/><br \/>02 juillet : F\u00eate M\u00e9di\u00e9vale de Brian\u00e7on (05)<br \/><br \/>03 juillet : F\u00eate M\u00e9di\u00e9vale de Brian\u00e7on (05)<br \/><br \/>04 juillet : F\u00eate M\u00e9di\u00e9vale de Brian\u00e7on (05)<br \/><br \/>09 juillet\u00a0: Ecluse de la Charme, Saint Victor sur Ouche (21)<br \/><br \/><em>17 et 18 juillet : De Cape et d&rsquo;\u00e9p\u00e9e, Richelieu (86) &#8211; Annul\u00e9e (report 2022)<\/em><br \/><br \/>20 juillet : Les Remparts de l&rsquo;histoire, Dinan (35)<br \/><br \/>21 juillet : Les Remparts de l&rsquo;histoire, Dinan (35)<br \/><br \/>23 juillet\u00a0: Manoir du Tourp, Omnonville (50)<br \/><br \/><em>31 juillet et 1er Ao\u00fbt : F\u00eate m\u00e9di\u00e9vale de Saint Antoine l&rsquo;Abbaye (38) &#8211; Annul\u00e9e<\/em><br \/><br \/><em>7 et 8 Ao\u00fbt : Foire m\u00e9di\u00e9vale de Souvigny (03) &#8211; Annul\u00e9e<\/em><br \/><br \/>14 ao\u00fbt : 600 ans du Donjon de Polignac (43)<br \/><br \/>15 ao\u00fbt : 600 ans du Donjon de Polignac (43)<br \/><br \/>28 ao\u00fbt : F\u00eates Historiques de Vienne (38)<br \/><br \/>29 ao\u00fbt : F\u00eates Historiques de Vienne (38)<\/p>\n\n\n<p class=\"has-black-color has-pale-ocean-gradient-background has-text-color has-background has-link-color has-medium-font-size wp-elements-bd4542a39e8a30f42aa721d83751f528\"><strong>2020<\/strong><\/p>\n\n\n<p><em>25 et 26 avril: F\u00eate les Ateliers de Jehanne, Ch\u00e9cy (37) \u2013 ANNULE<\/em><\/p>\n<p><em>30 et 31 mai\u00a0: F\u00eate m\u00e9di\u00e9vale de Liverdun (54) \u2013 ANNULE<\/em><\/p>\n<p><em>27 et 28\u00a0: F\u00eate m\u00e9di\u00e9vale de Rodemack (67) \u2013 ANNULE<\/em><\/p>\n<p><em>4 et 5 juillet\u00a0: F\u00eate m\u00e9di\u00e9vale de Brian\u00e7on (04) \u2013 ANNULE<\/em><\/p>\n<p><em>11 et 12 juillet\u00a0: F\u00eate m\u00e9di\u00e9vale au Manoir du Tourp, Omnoville (50) \u2013 ANNULE<\/em><\/p>\n<p><em>18 et 19 juillet\u00a0: F\u00eate des remparts, Dinan (35) \u2013 ANNULE<\/em><\/p>\n<p><em>1 et 2 ao\u00fbt\u00a0: F\u00eate m\u00e9di\u00e9vale de Souvigny (03) \u2013 ANNULE<\/em><\/p>\n<p><em>8 et 9 ao\u00fbt\u00a0: F\u00eate m\u00e9di\u00e9vale de Saint Antoine l\u2019Abbaye (38) \u2013 ANNULE<\/em><\/p>\n<p><em>15 et 16 ao\u00fbt\u00a0: f\u00eate m\u00e9di\u00e9vale de Brignolles (13) \u2013 ANNULE<\/em><\/p>\n<p><em>29 et 30 aout\u00a0: F\u00eates historiques de Vienne (38) \u2013 ANNULE<\/em><\/p>\n<p>18 septembre : F\u00eates renaissance du roi de l\u2019oiseau, Le Puy en Velay (43)<\/p>\n<p>19 septembre : F\u00eates renaissance du roi de l\u2019oiseau, Le Puy en Velay (43)<\/p>\n<p>20 septembre : F\u00eates renaissance du roi de l\u2019oiseau, Le Puy en Velay (43)<\/p>\n<p><em>27 septembre\u00a0: F\u00eate m\u00e9di\u00e9vale du Castellet (13) \u2013 ANNULE<\/em><\/p>\n<p><em>13 au 15 novembre\u00a0: Salon Fous d\u2019Histoire, Compi\u00e8gne (60) \u2013 ANNULE<\/em><\/p>\n\n\n<p class=\"has-black-color has-pale-ocean-gradient-background has-text-color has-background has-link-color has-medium-font-size wp-elements-8e71f6a9a70aba045eba24637dec0d79\"><strong>2019<\/strong><\/p>\n\n\n<p>18 mai\u00a0: Elfics, Gyf sur Yvette (91)<\/p>\n<p>19 mai : M\u00e9di\u00e9vale de Pontoise (60)<\/p>\n<p>8 juin : Sorci\u00e8res en Foire (21)<\/p>\n<p>9 juin : Sorci\u00e8res en Foire (21)<\/p>\n<p>15\u00a0 juin : F\u00eates m\u00e9di\u00e9vales de Provins (77)<\/p>\n<p>16 juin : F\u00eates m\u00e9di\u00e9vales de Provins (77)<\/p>\n<p>23 juin\u00a0: F\u00eate de la Sorci\u00e8re, Fili\u00e8res (54)<\/p>\n<p>28\u00a0 juin : F\u00eates Renaissance, Salon de Provence (83)<\/p>\n<p>29 juin : F\u00eates Renaissance, Salon de Provence (83)<\/p>\n<p>13juillet : F\u00eates Historiques de Vannes (56)<\/p>\n<p>14 juillet : F\u00eates Historiques de Vannes (56)<\/p>\n<p>4 ao\u00fbt\u00a0: F\u00eate Renaissance de Chatillon sur Sa\u00f4ne (88)<\/p>\n<p>17 ao\u00fbt : F\u00eates M\u00e9di\u00e9vales de Charolles (71)<\/p>\n<p>18 ao\u00fbt : F\u00eates M\u00e9di\u00e9vales de Charolles (71)<\/p>\n<p>31 ao\u00fbt : F\u00eates Historiques de Vienne (38)<\/p>\n<p>1er septembre : F\u00eates Historiques de Vienne (38)<\/p>\n<p>7 septembre : F\u00eate m\u00e9di\u00e9vale de Cruas (07)<\/p>\n<p>8 septembre : F\u00eate m\u00e9di\u00e9vale de Cruas (07)<\/p>\n<p>15 novembre : Salon Fous d\u2019Histoire, Compi\u00e8gne (60)<\/p>\n<p>16 novembre : Salon Fous d\u2019Histoire, Compi\u00e8gne (60)<\/p>\n<p>17 novembre : Salon Fous d\u2019Histoire, Compi\u00e8gne (60)<\/p>\n\n\n<p class=\"has-black-color has-pale-ocean-gradient-background has-text-color has-background has-link-color has-medium-font-size wp-elements-52c6ccc625028c76e77268d50e04dcca\"><strong>2018<\/strong><\/p>\n\n\n<p>5 mai\u00a0: F\u00eate m\u00e9di\u00e9vale, Alby sur Ch\u00e9ran (74)<\/p>\n<p>6 mai\u00a0: 5 mai\u00a0: F\u00eate m\u00e9di\u00e9vale, Alby sur Ch\u00e9ran (74)<\/p>\n<p>28 juillet\u00a0: Mill\u00e9naire, Talloires (74)<\/p>\n<p>18 ao\u00fbt\u00a0: f\u00eate m\u00e9di\u00e9vale, Charolles (71)<\/p>\n<p>19 ao\u00fbt\u00a0: f\u00eate m\u00e9di\u00e9vale, Charolles (71)<\/p>\n<p>25 ao\u00fbt\u00a0: F\u00eate m\u00e9di\u00e9vale, Flamanville (50)<\/p>\n<p>26 ao\u00fbt\u00a0: F\u00eate m\u00e9di\u00e9vale, Flamanville (50)<\/p>\n<p>8 septembre\u00a0: f\u00eate m\u00e9di\u00e9vale, H\u00e9ricourt (70)<\/p>\n<p>9 septembre\u00a0: f\u00eate m\u00e9di\u00e9vale, H\u00e9ricourt (70)<\/p>\n<p>16 novembre\u00a0: Salon \u00ab Fous d\u2019Histoire \u00bb, Compi\u00e8gne (60)<\/p>\n<p>17 novembre\u00a0: Salon \u00ab Fous d\u2019Histoire \u00bb, Compi\u00e8gne (60)<\/p>\n<p>18 novembre\u00a0: Salon \u00ab Fous d\u2019Histoire \u00bb, Compi\u00e8gne (60)<\/p>\n<p>1er d\u00e9cembre\u00a0: march\u00e9 de No\u00ebl, Barr (67)<\/p>\n<p>2 d\u00e9cembre\u00a0: march\u00e9 de No\u00ebl, Barr (67)<\/p>\n\n\n<p class=\"has-black-color has-pale-ocean-gradient-background has-text-color has-background has-link-color has-medium-font-size wp-elements-a3d6be2fef9549aeda7bf987f34550ba\"><strong>2017<\/strong><\/p>\n\n\n<p>3 juin\u00a0: f\u00eate des Sorci\u00e8res, M\u00e2lain (21)<\/p>\n<p>4 juin\u00a0: f\u00eate des Sorci\u00e8res, M\u00e2lain (21)<\/p>\n<p>25 juin\u00a0: Tambourinis, Is sur Tille (21)<\/p>\n<p>2 juillet\u00a0: Sc\u00e8ne en ouche, Fleurey sur Ouche (21)<\/p>\n<p>29 juillet\u00a0: f\u00eate m\u00e9di\u00e9vale, Montmirail (72)<\/p>\n<p>30 juillet\u00a0: f\u00eate m\u00e9di\u00e9vale, Montmirail (72)<\/p>\n<p>19 ao\u00fbt\u00a0: f\u00eate m\u00e9di\u00e9vale, Charolles (71)<\/p>\n<p>20 ao\u00fbt\u00a0: f\u00eate m\u00e9di\u00e9vale, Charolles (71)<\/p>\n<p>09 septembre : f\u00eate m\u00e9di\u00e9vale, H\u00e9ricourt (70)<\/p>\n<p>10 septembre : f\u00eate m\u00e9di\u00e9vale, H\u00e9ricourt (70)<\/p>\n<p>7 octobre\u00a0: f\u00eate m\u00e9di\u00e9vale, Brie Comte Robert (60)<\/p>\n<p>8 octobre\u00a0: f\u00eate m\u00e9di\u00e9vale, Brie Comte Robert (60)<\/p>\n<p>2 d\u00e9cembre\u00a0: march\u00e9 de No\u00ebl, Barr (67)<\/p>\n<p>3 d\u00e9cembre\u00a0: march\u00e9 de No\u00ebl, Barr (67)<\/p>\n\n\n<p class=\"has-black-color has-pale-ocean-gradient-background has-text-color has-background has-link-color has-medium-font-size wp-elements-c111fdf391c9e14c2bee806d2e0385d6\"><strong>2016<\/strong><\/p>\n\n\n\n<p>20 juin : F\u00eate de la musique, Marsannay-la-C\u00f4te (21)<\/p>\n\n\n\n<p>25 juin : M\u00e9di\u00e9vales du Centre Social Balzac, Dijon (21)<\/p>\n\n\n\n<p>24 juillet : M\u00e9di\u00e9vale de Nozeroy (39)<\/p>\n\n\n\n<p>30 juillet : M\u00e9di\u00e9vales de Souvigny (03)<\/p>\n\n\n\n<p>31 juillet : M\u00e9di\u00e9vales de Souvigny (03)<\/p>\n\n\n\n<p> 1er ao\u00fbt : M\u00e9di\u00e9vales de Souvigny (03)<\/p>\n\n\n\n<p>13 ao\u00fbt : March\u00e9 m\u00e9di\u00e9val de Ribeauvill\u00e9 (67)<\/p>\n\n\n\n<p>14 ao\u00fbt : March\u00e9 m\u00e9di\u00e9val de Ribeauvill\u00e9 (67)<\/p>\n\n\n\n<p>15 ao\u00fbt : March\u00e9 m\u00e9di\u00e9val de Ribeauvill\u00e9 (67)<\/p>\n\n\n\n<p>21 ao\u00fbt : M\u00e9di\u00e9vale de Charolles (71)<\/p>\n\n\n\n<p>15 septembre : F\u00eates Renaissance du Roi de l&rsquo;oiseau, Le Puy en Velay (43)<\/p>\n\n\n\n<p>16 septembre : F\u00eates Renaissance du Roi de l&rsquo;oiseau, Le Puy en Velay (43)<\/p>\n\n\n\n<p>17 septembre : F\u00eates Renaissance du Roi de l&rsquo;oiseau, Le Puy en Velay (43)<\/p>\n\n\n\n<p>23 ocotobre : F\u00eate de la Sorci\u00e8re et sa citrouille, Beire le Ch\u00e2tel (21)<\/p>\n\n\n\n<p>3 d\u00e9cembre\u00a0: march\u00e9 de No\u00ebl, Barr (67)<\/p>\n\n\n\n<p>4 d\u00e9cembre\u00a0: march\u00e9 de No\u00ebl, Barr (67)<\/p>\n\n\n\n<p>15 d\u00e9cembre : Enregistrement Canal + (\u00e9mission d&rsquo;Antoine)<\/p>\n","protected":false},"excerpt":{"rendered":"<p>Les anciennes dates : 2025 28 juin : F\u00eate M\u00e9di\u00e9vale, Rodemack (57) 29 juin : F\u00eate M\u00e9di\u00e9vale, Rodemack (57) 11 juillet : Visite musicale du Ch\u00e2teau de M\u00e2lain (21) 02 ao\u00fbt : F\u00eate M\u00e9di\u00e9vale, Ervy-le-Ch\u00e2tel (10) 03 ao\u00fbt : F\u00eate M\u00e9di\u00e9vale, Ervy-le-Ch\u00e2tel (10) 12 ao\u00fbt : Festyland, Bretteville-sur-Odon (14) 13 ao\u00fbt : Festyland, Bretteville-sur-Odon (14) &hellip; <\/p>\n<p class=\"link-more\"><a href=\"https:\/\/lescoupeursdebourses.fr\/index.php\/agenda\/\" class=\"more-link\">Continuer la lecture<span class=\"screen-reader-text\"> de &laquo;&nbsp;Agenda&nbsp;&raquo;<\/span><\/a><\/p>\n","protected":false},"author":1,"featured_media":0,"parent":0,"menu_order":0,"comment_status":"closed","ping_status":"closed","template":"","meta":{"footnotes":""},"class_list":["post-44","page","type-page","status-publish","hentry"],"_links":{"self":[{"href":"https:\/\/lescoupeursdebourses.fr\/index.php\/wp-json\/wp\/v2\/pages\/44","targetHints":{"allow":["GET"]}}],"collection":[{"href":"https:\/\/lescoupeursdebourses.fr\/index.php\/wp-json\/wp\/v2\/pages"}],"about":[{"href":"https:\/\/lescoupeursdebourses.fr\/index.php\/wp-json\/wp\/v2\/types\/page"}],"author":[{"embeddable":true,"href":"https:\/\/lescoupeursdebourses.fr\/index.php\/wp-json\/wp\/v2\/users\/1"}],"replies":[{"embeddable":true,"href":"https:\/\/lescoupeursdebourses.fr\/index.php\/wp-json\/wp\/v2\/comments?post=44"}],"version-history":[{"count":64,"href":"https:\/\/lescoupeursdebourses.fr\/index.php\/wp-json\/wp\/v2\/pages\/44\/revisions"}],"predecessor-version":[{"id":1054,"href":"https:\/\/lescoupeursdebourses.fr\/index.php\/wp-json\/wp\/v2\/pages\/44\/revisions\/1054"}],"wp:attachment":[{"href":"https:\/\/lescoupeursdebourses.fr\/index.php\/wp-json\/wp\/v2\/media?parent=44"}],"curies":[{"name":"wp","href":"https:\/\/api.w.org\/{rel}","templated":true}]}}