{"id":555,"date":"2022-02-07T21:52:03","date_gmt":"2022-02-07T20:52:03","guid":{"rendered":"http:\/\/lescoupeursdebourses.fr\/?page_id=555"},"modified":"2023-02-12T21:45:16","modified_gmt":"2023-02-12T20:45:16","slug":"pros","status":"publish","type":"page","link":"https:\/\/lescoupeursdebourses.fr\/index.php\/pros\/","title":{"rendered":"Pros"},"content":{"rendered":"<p>Connectez vous sur l&rsquo;espace pro afin de pouvoir \u00e9couter tous les morceaux du groupe, t\u00e9l\u00e9charger la fiche technique, le dossier, consulter la fiche tarifaire&#8230;<\/p>\n<p><a href=\"https:\/\/lescoupeursdebourses.fr\/index.php\/downloads\/\" target=\"_blank\" rel=\"noopener\">Page Pro <\/a><\/p>\n<div id=\"builder-section-text_51-column-2\" class=\"builder-text-column builder-text-column-2\">\n<div class=\"builder-text-content\"><\/div>\n<\/div>\n<div id=\"builder-section-text_51-column-3\" class=\"builder-text-column builder-text-column-3\">\n<div class=\"builder-text-content\"><\/div>\n<\/div>\n","protected":false},"excerpt":{"rendered":"<p>Connectez vous sur l&rsquo;espace pro afin de pouvoir \u00e9couter tous les morceaux du groupe, t\u00e9l\u00e9charger la fiche technique, le dossier, consulter la fiche tarifaire&#8230; Page Pro<\/p>\n","protected":false},"author":1,"featured_media":0,"parent":0,"menu_order":0,"comment_status":"closed","ping_status":"closed","template":"","meta":{"footnotes":""},"class_list":["post-555","page","type-page","status-publish","hentry"],"_links":{"self":[{"href":"https:\/\/lescoupeursdebourses.fr\/index.php\/wp-json\/wp\/v2\/pages\/555","targetHints":{"allow":["GET"]}}],"collection":[{"href":"https:\/\/lescoupeursdebourses.fr\/index.php\/wp-json\/wp\/v2\/pages"}],"about":[{"href":"https:\/\/lescoupeursdebourses.fr\/index.php\/wp-json\/wp\/v2\/types\/page"}],"author":[{"embeddable":true,"href":"https:\/\/lescoupeursdebourses.fr\/index.php\/wp-json\/wp\/v2\/users\/1"}],"replies":[{"embeddable":true,"href":"https:\/\/lescoupeursdebourses.fr\/index.php\/wp-json\/wp\/v2\/comments?post=555"}],"version-history":[{"count":5,"href":"https:\/\/lescoupeursdebourses.fr\/index.php\/wp-json\/wp\/v2\/pages\/555\/revisions"}],"predecessor-version":[{"id":720,"href":"https:\/\/lescoupeursdebourses.fr\/index.php\/wp-json\/wp\/v2\/pages\/555\/revisions\/720"}],"wp:attachment":[{"href":"https:\/\/lescoupeursdebourses.fr\/index.php\/wp-json\/wp\/v2\/media?parent=555"}],"curies":[{"name":"wp","href":"https:\/\/api.w.org\/{rel}","templated":true}]}}