{"id":9,"date":"2016-01-27T14:12:18","date_gmt":"2016-01-27T13:12:18","guid":{"rendered":"http:\/\/lescoupeursdebourses.fr?page_id=9"},"modified":"2024-06-27T11:37:58","modified_gmt":"2024-06-27T09:37:58","slug":"les-musiciens","status":"publish","type":"page","link":"https:\/\/lescoupeursdebourses.fr\/index.php\/les-musiciens\/","title":{"rendered":"Les musiciens"},"content":{"rendered":"\n<div class=\"wp-block-columns is-layout-flex wp-container-core-columns-is-layout-9d6595d7 wp-block-columns-is-layout-flex\">\n<div class=\"wp-block-column is-layout-flow wp-block-column-is-layout-flow\">\n<p><strong>Fanfan la Pince<\/strong>, sous son sourire enj\u00f4leur, cache un fougueux temp\u00e9rament.<br>Du peu que l&rsquo;on connaisse de son histoire, elle aurait \u00e9chapp\u00e9 \u00e0 une guilde de brigands de la ville de Dijon apr\u00e8s avoir d\u00e9pouill\u00e9 leur chef.<br>Fanfan aime compter, elle aime les sous, les bourses&#8230; <br>Retir\u00e9e des affaires criminelles, elle a rejoint ses compagnons musiciens faisant amende honorable et comptant les \u00e9cus qu&rsquo;il amassent plus ou moins honn\u00eatement et qu&rsquo;elle redistribue, suivant son humeur, \u00e0 ses compagnons.<br><br>Fanfan la Pince joue du rebec<br><img loading=\"lazy\" decoding=\"async\" width=\"300\" height=\"200\" class=\"wp-image-112\" style=\"width: 300px;\" src=\"https:\/\/lescoupeursdebourses.fr\/wp-content\/uploads\/2016\/01\/IMG_2754-e1455289635348.jpg\" alt=\"\" srcset=\"https:\/\/lescoupeursdebourses.fr\/wp-content\/uploads\/2016\/01\/IMG_2754-e1455289635348.jpg 1144w, https:\/\/lescoupeursdebourses.fr\/wp-content\/uploads\/2016\/01\/IMG_2754-e1455289635348-350x233.jpg 350w\" sizes=\"auto, (max-width: 300px) 100vw, 300px\" \/><br><\/p>\n\n\n\n<hr class=\"wp-block-separator has-alpha-channel-opacity\"\/>\n\n\n\n<p><strong>Thibaut Tiresac<\/strong>, sous son air stupide et ben\u00eat, cache un ma\u00eetre coupeur de bourses rus\u00e9 et filou.<br>Vif, furtif, agile et d&rsquo;une incroyable puissance, il est partout, d\u00e9robant avec discr\u00e9tion bourses, goussets, sacs ou escarcelles sans le moindre scrupule !<br>Pourtant, un mauvais jour, il s&rsquo;est fait attraper <br>La l\u00e9gende voudrait qu&rsquo;il se soit \u00e9chapp\u00e9, en tordant les barreaux de sa ge\u00f4le dont il aurait fait son instrument !!!<br><br>Surveillez vos bourses !<br><br>Thibaut Tiresac joue de la sacqueboute.<br><img loading=\"lazy\" decoding=\"async\" width=\"300\" height=\"211\" class=\"wp-image-113\" style=\"width: 300px;\" src=\"https:\/\/lescoupeursdebourses.fr\/wp-content\/uploads\/2016\/01\/IMG_2961-e1455290120341.jpg\" alt=\"\" srcset=\"https:\/\/lescoupeursdebourses.fr\/wp-content\/uploads\/2016\/01\/IMG_2961-e1455290120341.jpg 1081w, https:\/\/lescoupeursdebourses.fr\/wp-content\/uploads\/2016\/01\/IMG_2961-e1455290120341-350x246.jpg 350w, https:\/\/lescoupeursdebourses.fr\/wp-content\/uploads\/2016\/01\/IMG_2961-e1455290120341-300x211.jpg 300w, https:\/\/lescoupeursdebourses.fr\/wp-content\/uploads\/2016\/01\/IMG_2961-e1455290120341-768x539.jpg 768w, https:\/\/lescoupeursdebourses.fr\/wp-content\/uploads\/2016\/01\/IMG_2961-e1455290120341-1024x719.jpg 1024w\" sizes=\"auto, (max-width: 300px) 100vw, 300px\" \/><\/p>\n\n\n\n<hr class=\"wp-block-separator has-alpha-channel-opacity\"\/>\n\n\n\n<p>Albin le vendangeur dit <strong>Albin l&rsquo;Assassin<\/strong> !<br>Ne vous fiez pas \u00e0 son sourire malin, car Albin dit aussi \u00ab\u00a0Le Tueur de Lapins\u00a0\u00bb est d&rsquo;une violence inou\u00efe, il tape sur tout ce qui bouge&#8230; Et m\u00eame sur ce qui ne bouge pas.<br>Il tranche, il taillade, il coupe, il assassine&#8230;<br>Il se cache souvent dans les grottes de B\u00e8ze o\u00f9 il a install\u00e9 son refuge, mais chuuut, ceci est un secret&#8230;<br>La seule chose qui le calme sont les applaudissements : vous savez ce qui vous reste \u00e0 faire pour avoir la vie sauve&#8230;<br><br>Albin l&rsquo;Assassin joue des percussions.<br><img loading=\"lazy\" decoding=\"async\" width=\"300\" height=\"202\" class=\"wp-image-118\" style=\"width: 300px;\" src=\"https:\/\/lescoupeursdebourses.fr\/wp-content\/uploads\/2016\/01\/IMG_2910-e1455290302466.jpg\" alt=\"\" srcset=\"https:\/\/lescoupeursdebourses.fr\/wp-content\/uploads\/2016\/01\/IMG_2910-e1455290302466.jpg 1144w, https:\/\/lescoupeursdebourses.fr\/wp-content\/uploads\/2016\/01\/IMG_2910-e1455290302466-350x236.jpg 350w\" sizes=\"auto, (max-width: 300px) 100vw, 300px\" \/><\/p>\n\n\n\n<hr class=\"wp-block-separator has-alpha-channel-opacity\"\/>\n\n\n\n<p><strong>Pat le Prince de Larnac<\/strong> est un vrai rescap\u00e9 du temps !<br>Issu de cette petite ville perdu au c\u0153ur de la vall\u00e9e de l\u2019Auzonnet, il s&rsquo;est lui m\u00eame proclam\u00e9 prince de la \u00ab\u00a0capitelle\u00a0\u00bb qui surplombait le village.<br>Chef de guilde de voleurs pendant des ann\u00e9es, naviguant de caches en caches, de villes en villes, il a souvent \u00e9chapp\u00e9 aux coups bas de ses rivaux qui, toujours, lui voulait prendre la place !<br>Mais un jour, il a \u00e9t\u00e9 laiss\u00e9 pour mort dans une ruelle de la ville de Dijon !<br>Il a, tant bien que mal, rejoint un vieil ami rebouteux qu&rsquo;il l&rsquo;a remis sur pied et lui a inocul\u00e9 le don de la musique, avec quelques \u00e9tranges potions de sa confection !<br>Bon, tout ceci est \u00e0 v\u00e9rifier car Pat est un beau parleur, un ma\u00eetre roublard.<br>Il n&rsquo;a pas d&rsquo;amis, pas de patrie, il volerait son p\u00e8re, vendrait sa m\u00e8re&#8230;<br><br>Pat le Prince de Larnac joue de la mandole et chante.<br><img loading=\"lazy\" decoding=\"async\" width=\"300\" height=\"200\" class=\"wp-image-119\" style=\"width: 300px;\" src=\"https:\/\/lescoupeursdebourses.fr\/wp-content\/uploads\/2016\/01\/IMG_2985-e1455290377341.jpg\" alt=\"\" srcset=\"https:\/\/lescoupeursdebourses.fr\/wp-content\/uploads\/2016\/01\/IMG_2985-e1455290377341.jpg 1144w, https:\/\/lescoupeursdebourses.fr\/wp-content\/uploads\/2016\/01\/IMG_2985-e1455290377341-350x233.jpg 350w\" sizes=\"auto, (max-width: 300px) 100vw, 300px\" \/><\/p>\n\n\n\n<hr class=\"wp-block-separator has-alpha-channel-opacity\"\/>\n\n\n\n<p><\/p>\n<\/div>\n<\/div>\n","protected":false},"excerpt":{"rendered":"<p>Fanfan la Pince, sous son sourire enj\u00f4leur, cache un fougueux temp\u00e9rament.Du peu que l&rsquo;on connaisse de son histoire, elle aurait \u00e9chapp\u00e9 \u00e0 une guilde de brigands de la ville de Dijon apr\u00e8s avoir d\u00e9pouill\u00e9 leur chef.Fanfan aime compter, elle aime les sous, les bourses&#8230; Retir\u00e9e des affaires criminelles, elle a rejoint ses compagnons musiciens faisant &hellip; <\/p>\n<p class=\"link-more\"><a href=\"https:\/\/lescoupeursdebourses.fr\/index.php\/les-musiciens\/\" class=\"more-link\">Continuer la lecture<span class=\"screen-reader-text\"> de &laquo;&nbsp;Les musiciens&nbsp;&raquo;<\/span><\/a><\/p>\n","protected":false},"author":1,"featured_media":0,"parent":0,"menu_order":0,"comment_status":"closed","ping_status":"closed","template":"","meta":{"footnotes":""},"class_list":["post-9","page","type-page","status-publish","hentry"],"_links":{"self":[{"href":"https:\/\/lescoupeursdebourses.fr\/index.php\/wp-json\/wp\/v2\/pages\/9","targetHints":{"allow":["GET"]}}],"collection":[{"href":"https:\/\/lescoupeursdebourses.fr\/index.php\/wp-json\/wp\/v2\/pages"}],"about":[{"href":"https:\/\/lescoupeursdebourses.fr\/index.php\/wp-json\/wp\/v2\/types\/page"}],"author":[{"embeddable":true,"href":"https:\/\/lescoupeursdebourses.fr\/index.php\/wp-json\/wp\/v2\/users\/1"}],"replies":[{"embeddable":true,"href":"https:\/\/lescoupeursdebourses.fr\/index.php\/wp-json\/wp\/v2\/comments?post=9"}],"version-history":[{"count":28,"href":"https:\/\/lescoupeursdebourses.fr\/index.php\/wp-json\/wp\/v2\/pages\/9\/revisions"}],"predecessor-version":[{"id":932,"href":"https:\/\/lescoupeursdebourses.fr\/index.php\/wp-json\/wp\/v2\/pages\/9\/revisions\/932"}],"wp:attachment":[{"href":"https:\/\/lescoupeursdebourses.fr\/index.php\/wp-json\/wp\/v2\/media?parent=9"}],"curies":[{"name":"wp","href":"https:\/\/api.w.org\/{rel}","templated":true}]}}